{"id":785,"date":"2018-10-08T08:14:14","date_gmt":"2018-10-08T08:14:14","guid":{"rendered":"http:\/\/maerchenwald-bad-breisig.de\/?page_id=785"},"modified":"2018-10-11T09:08:48","modified_gmt":"2018-10-11T09:08:48","slug":"datenschutzerklaerung","status":"publish","type":"page","link":"http:\/\/alt.maerchenwald-bad-breisig.de\/?page_id=785","title":{"rendered":"Datenschutzerkl\u00e4rung"},"content":{"rendered":"<p>Geltungsbereich<\/p>\n<p>Diese Datenschutzerkl\u00e4rung soll die Nutzer dieser Website gem\u00e4\u00df Bundesdatenschutzgesetz, EU-Datenschutzgrundverordnung und Telemediengesetz \u00fcber die Art, den Umfang und den Zweck der Erhebung und Verwendung personenbezogener Daten durch den Websitebetreiber www.maerchenwald-bad-breisig.de informieren, der im Folgenden \u201e Websitebetreiber\u201c genannt wird.<\/p>\n<p>Kontakt:<br \/>\nInhaber: Heinz Pinnen<br \/>\nAm Kesselberg 19<br \/>\n53498 Bad Breisig<br \/>\nTelefon: 0160 96545054<br \/>\nE-Mail: info@maerchenwald-bad-breisig.de<br \/>\nInternet: www.maerchenwald-bad-breisig.de<\/p>\n<p>Der Websitebetreiber nimmt Ihren Datenschutz sehr ernst und behandelt Ihre personenbezogenen Daten vertraulich und entsprechend der gesetzlichen Vorschriften.<\/p>\n<p>Bedenken Sie, dass die Daten\u00fcbertragung im Internet grunds\u00e4tzlich Sicherheitsl\u00fccken aufweisen kann. Ein vollumf\u00e4nglicher Schutz vor dem Zugriff durch Fremde ist nicht realisierbar.<br \/>\nUnsere Webseite hosten wir bei der Firma Strato:<\/p>\n<p>STRATO AG<br \/>\nPascalstra\u00dfe 10<br \/>\n10587 Berlin<\/p>\n<p><strong>Datenerhebung und Speicherung<\/strong><\/p>\n<p>Die STRATO AG erhebt, verarbeitet und speichert die Daten, wenn Sie unsere Dienste nutzen. Dies umfasst die Herstellung von Sicherheitskopien in den Backup-Systemen.<\/p>\n<p><span style=\"text-decoration: underline;\">Log-Daten<\/span><\/p>\n<p>Wenn Sie unsere Webseite besuchen oder unsere Dienste nutzen \u00fcbermittelt das Ger\u00e4t, mit dem Sie die Seite aufrufen, automatisch Log-Daten (Verbindungsdaten) an die Server der Strato AG. Das ist insbesondere der Fall, wenn Sie sich einloggen oder wenn Sie Daten hoch- oder runterladen. Log-Daten werden von den Servern auch erfasst, wenn Besucher unsere Webseiten aufrufen. Log-Daten enthalten die IP-Adresse des Ger\u00e4tes, mit dem Sie auf die Website oder einen Dienst zugreifen, die Art des Browsers, den Sie nutzen, die Webseite, die Sie zuvor besucht haben, Teile Ihrer Systemkonfiguration sowie Datum und Zeitangaben. Strato speichert IP-Adressen nur, soweit es zur Erbringung der Dienste erforderlich ist. Ansonsten werden die IP-Adressen gel\u00f6scht oder anonymisiert. Ihre IP-Adresse beim Besuch unserer Website und die IP-Adressen der Besucher Ihrer Webseiten werden zur Erkennung und Abwehr von Angriffen maximal 7 Tage gespeichert.<\/p>\n<p>Zusammengefasst werden folgende Daten erhoben:<\/p>\n<p>&#8211; Besuchte Website<br \/>\n&#8211; Uhrzeit zum Zeitpunkt des Zugriffes<br \/>\n&#8211; Menge der gesendeten Daten in Byte<br \/>\n&#8211; Quelle\/Verweis, von welchem Sie auf die Seite gelangten<br \/>\n&#8211; Verwendeter Browser<br \/>\n&#8211; Verwendetes Betriebssystem<br \/>\n&#8211; Verwendete IP-Adresse<\/p>\n<p>Weiterhin werden die erhobenen Daten zu statistischen Auswertungen, der Ermittlung von Belastungen zur Verbesserung der Serviceleistungen (z. B. Loadbalancing und Performance) und zur Verbesserung der Website herangezogen. Der Websitebetreiber beh\u00e4lt sich allerdings vor, die Server-Logfiles nachtr\u00e4glich zu \u00fcberpr\u00fcfen, sollten konkrete Anhaltspunkte auf eine rechtswidrige Nutzung hinweisen.<\/p>\n<p><span style=\"text-decoration: underline;\">Cookies<\/span><\/p>\n<p>Bei Cookies handelt es sich um kleine Textdateien, welche auf Ihrem Endger\u00e4t gespeichert werden. Ihr Browser greift auf diese Dateien zu. Durch den Einsatz von Cookies l\u00e4sst sich die Benutzerfreundlichkeit und Sicherheit einer Website verbessern.<\/p>\n<p>Cookies sollen bei der Nutzung unserer Webseite grunds\u00e4tzlich nicht zur Anwendung kommen. Sie k\u00f6nnen aber auch selber Einstellungen Vornehmen, wenn sie nicht m\u00f6chten, dass Cookies gespeichert werden. G\u00e4ngige Browser bieten die Einstellungsoption, Cookies nicht zuzulassen. Hinweis: Es ist nicht gew\u00e4hrleistet, dass Sie auf alle Funktionen dieser Website ohne Einschr\u00e4nkungen zugreifen k\u00f6nnen, wenn Sie entsprechende Einstellungen vornehmen.<\/p>\n<p><span style=\"text-decoration: underline;\">Umgang mit personenbezogenen Daten<\/span><\/p>\n<p>Der Websitebetreiber erhebt, nutzt und gibt Ihre personenbezogenen Daten nur dann weiter, wenn dies im gesetzlichen Rahmen erlaubt ist oder Sie in die Datenerhebung einwilligen.<\/p>\n<p>Als personenbezogene Daten gelten s\u00e4mtliche Informationen, welche dazu dienen, Ihre Person zu bestimmen und welche zu Ihnen zur\u00fcckverfolgt werden k\u00f6nnen \u2013 also beispielsweise Ihr Name, Ihre E-Mail-Adresse und Telefonnummer.<\/p>\n<p><span style=\"text-decoration: underline;\">Umgang mit Kontaktdaten<\/span><\/p>\n<p>Nehmen Sie mit dem Websitebetreiber durch die angebotenen Kontaktm\u00f6glichkeiten Verbindung auf (zum Beispiel per E-Mail), werden Ihre Angaben gespeichert, damit auf diese zur Bearbeitung und Beantwortung Ihrer Anfrage zur\u00fcckgegriffen werden kann. Ohne Ihre Einwilligung werden diese Daten nicht an Dritte weitergegeben.<\/p>\n<p><span style=\"text-decoration: underline;\">Rechte des Nutzers: Auskunft, Berichtigung und L\u00f6schung<\/span><\/p>\n<p>Sie als Nutzer erhalten auf Antrag Ihrerseits kostenlose Auskunft dar\u00fcber, welche personenbezogenen Daten \u00fcber Sie gespeichert wurden. Sofern Ihr Wunsch nicht mit einer gesetzlichen Pflicht zur Aufbewahrung von Daten (z. B. Vorratsdatenspeicherung) kollidiert, haben Sie ein Anrecht auf Berichtigung falscher Daten und auf die Sperrung oder L\u00f6schung Ihrer personenbezogenen Daten.<\/p>\n","protected":false},"excerpt":{"rendered":"<p>Geltungsbereich Diese Datenschutzerkl\u00e4rung soll die Nutzer dieser Website gem\u00e4\u00df Bundesdatenschutzgesetz, EU-Datenschutzgrundverordnung und Telemediengesetz \u00fcber die Art, den Umfang und den Zweck der Erhebung und Verwendung personenbezogener Daten durch den Websitebetreiber www.maerchenwald-bad-breisig.de informieren, der im Folgenden \u201e Websitebetreiber\u201c genannt wird. Kontakt: Inhaber: Heinz Pinnen Am Kesselberg 19 53498 Bad Breisig Telefon: 0160 96545054 E-Mail: info@maerchenwald-bad-breisig.de Internet: &hellip; <a href=\"http:\/\/alt.maerchenwald-bad-breisig.de\/?page_id=785\" class=\"more-link\"><span class=\"screen-reader-text\">Datenschutzerkl\u00e4rung<\/span> weiterlesen <span class=\"meta-nav\">&rarr;<\/span><\/a><\/p>\n","protected":false},"author":1,"featured_media":0,"parent":0,"menu_order":0,"comment_status":"closed","ping_status":"closed","template":"","meta":[],"_links":{"self":[{"href":"http:\/\/alt.maerchenwald-bad-breisig.de\/index.php?rest_route=\/wp\/v2\/pages\/785"}],"collection":[{"href":"http:\/\/alt.maerchenwald-bad-breisig.de\/index.php?rest_route=\/wp\/v2\/pages"}],"about":[{"href":"http:\/\/alt.maerchenwald-bad-breisig.de\/index.php?rest_route=\/wp\/v2\/types\/page"}],"author":[{"embeddable":true,"href":"http:\/\/alt.maerchenwald-bad-breisig.de\/index.php?rest_route=\/wp\/v2\/users\/1"}],"replies":[{"embeddable":true,"href":"http:\/\/alt.maerchenwald-bad-breisig.de\/index.php?rest_route=%2Fwp%2Fv2%2Fcomments&post=785"}],"version-history":[{"count":4,"href":"http:\/\/alt.maerchenwald-bad-breisig.de\/index.php?rest_route=\/wp\/v2\/pages\/785\/revisions"}],"predecessor-version":[{"id":797,"href":"http:\/\/alt.maerchenwald-bad-breisig.de\/index.php?rest_route=\/wp\/v2\/pages\/785\/revisions\/797"}],"wp:attachment":[{"href":"http:\/\/alt.maerchenwald-bad-breisig.de\/index.php?rest_route=%2Fwp%2Fv2%2Fmedia&parent=785"}],"curies":[{"name":"wp","href":"https:\/\/api.w.org\/{rel}","templated":true}]}}