{"id":176,"date":"2015-01-16T16:49:31","date_gmt":"2015-01-16T16:49:31","guid":{"rendered":"http:\/\/maerchenwald-bad-breisig.de\/?page_id=176"},"modified":"2021-04-30T11:38:32","modified_gmt":"2021-04-30T11:38:32","slug":"unser-maerchenwald","status":"publish","type":"page","link":"http:\/\/alt.maerchenwald-bad-breisig.de\/?page_id=176","title":{"rendered":"Geschichte"},"content":{"rendered":"<p>\u201e<strong><a href=\"http:\/\/maerchenwald-bad-breisig.de\/wp-content\/uploads\/2021\/03\/Werbung-Maerchenwald-90er-Jahre.mp3\"><em>Ach wie gut, dass niemand wei\u00df, wie ich ausseh\u2019 und wie ich hei\u00df\u2019. Doch viele, viele wissen schon, dass ich in Bad Breisig wohn\u2019!<\/em><\/a><\/strong>\u201c So t\u00f6nte unser Rumpelstilzchen Anfang der 1990er Jahre im Radio.<\/p>\n<p>Und in der Tat hat es seinen Wohnsitz seit Beginn der 30er Jahre am Breisiger Kesselberg. Bereits 1934 schuf der G\u00e4rtner Heinrich Schwarz in liebevoller Kleinarbeit und mit Hilfe seiner Familie die Heimat von Schneewittchen, Dornr\u00f6schen und Co. Der so entstandene <img decoding=\"async\" loading=\"lazy\" class=\"wp-image-1471 alignleft\" src=\"http:\/\/maerchenwald-bad-breisig.de\/wp-content\/uploads\/2021\/04\/Terrasse-Schwarz-300x213.jpg\" alt=\"\" width=\"230\" height=\"163\" srcset=\"http:\/\/alt.maerchenwald-bad-breisig.de\/wp-content\/uploads\/2021\/04\/Terrasse-Schwarz-300x213.jpg 300w, http:\/\/alt.maerchenwald-bad-breisig.de\/wp-content\/uploads\/2021\/04\/Terrasse-Schwarz-1024x727.jpg 1024w, http:\/\/alt.maerchenwald-bad-breisig.de\/wp-content\/uploads\/2021\/04\/Terrasse-Schwarz-768x546.jpg 768w, http:\/\/alt.maerchenwald-bad-breisig.de\/wp-content\/uploads\/2021\/04\/Terrasse-Schwarz-1536x1091.jpg 1536w, http:\/\/alt.maerchenwald-bad-breisig.de\/wp-content\/uploads\/2021\/04\/Terrasse-Schwarz-2048x1455.jpg 2048w\" sizes=\"(max-width: 230px) 100vw, 230px\" \/>M\u00e4rchenwald mit dem dazugeh\u00f6renden Terrassen-Caf\u00e9 wurde rasch ein beliebtes Ausflugsziel. Nach Heinrich Schwarz\u2019 Tod f\u00fchrten seine Tochter K\u00e4the und sp\u00e4ter sein Sohn Josef das Unternehmen nebenberuflich weiter. Doch als Josef Schwarz \u2013 der \u201eschwarze Jupp\u201c \u2013 im Jahre 1972 \u00fcberraschend starb, wurde der M\u00e4rchenwald geschlossen. Das M\u00e4rchenreich am Mittelrhein verfiel zusehends und verschwand \u2013 gleichsam in einen Dornr\u00f6schenschlaf gesunken \u2013 wieder im Wald des Kesselberges.<\/p>\n<p><a href=\"http:\/\/maerchenwald-bad-breisig.de\/wp-content\/uploads\/2015\/01\/kinder-kl1.jpg\"><img decoding=\"async\" loading=\"lazy\" class=\"wp-image-108 size-full alignright\" src=\"http:\/\/maerchenwald-bad-breisig.de\/wp-content\/uploads\/2015\/01\/kinder-kl1.jpg\" alt=\"Kinderaugen\" width=\"137\" height=\"188\" \/><\/a>Erst 1985 wurde die versunkene M\u00e4rchenwelt vom Immobilienmakler Heinz Pinnen aus K\u00f6nigswinter wiederentdeckt. \u00dcber drei Jahre lang baute er die Freizeitanlage wieder auf. Ihm gelang es dabei, die M\u00e4rchenwelt der 30er Jahre zu modernisieren \u2013 mit sich bewegenden und sprechenden Figuren \u2013 und zugleich deren urspr\u00fcnglichen Charakter zu bewahren. 1989 machte Heinz Pinnen den <a href=\"http:\/\/maerchenwald-bad-breisig.de\/?page_id=184\">M\u00e4rchenwald<\/a> der \u00d6ffentlichkeit wieder zug\u00e4nglich \u2013 55 Jahre nach seiner Er\u00f6ffnung.<\/p>\n<p>F\u00fcr die Pflege dieser historischen Form der M\u00e4rchenpr\u00e4sentation, f\u00fcr seinen unverf\u00e4lschten Charakter und f\u00fcr den im Jahr 2003 geschaffenen <a href=\"http:\/\/maerchenwald-bad-breisig.de\/?page_id=182\">M\u00e4rchenlehrpfad<\/a> wurde der M\u00e4rchenwald Bad Breisig 2009 als gemeinn\u00fctzig anerkannt.<\/p>\n<div align=\"center\"><\/div>\n<div class=\"mceTemp\"><\/div>\n","protected":false},"excerpt":{"rendered":"<p>\u201eAch wie gut, dass niemand wei\u00df, wie ich ausseh\u2019 und wie ich hei\u00df\u2019. Doch viele, viele wissen schon, dass ich in Bad Breisig wohn\u2019!\u201c So t\u00f6nte unser Rumpelstilzchen Anfang der 1990er Jahre im Radio. Und in der Tat hat es seinen Wohnsitz seit Beginn der 30er Jahre am Breisiger Kesselberg. Bereits 1934 schuf der G\u00e4rtner &hellip; <a href=\"http:\/\/alt.maerchenwald-bad-breisig.de\/?page_id=176\" class=\"more-link\"><span class=\"screen-reader-text\">Geschichte<\/span> weiterlesen <span class=\"meta-nav\">&rarr;<\/span><\/a><\/p>\n","protected":false},"author":1,"featured_media":206,"parent":0,"menu_order":0,"comment_status":"closed","ping_status":"closed","template":"","meta":[],"_links":{"self":[{"href":"http:\/\/alt.maerchenwald-bad-breisig.de\/index.php?rest_route=\/wp\/v2\/pages\/176"}],"collection":[{"href":"http:\/\/alt.maerchenwald-bad-breisig.de\/index.php?rest_route=\/wp\/v2\/pages"}],"about":[{"href":"http:\/\/alt.maerchenwald-bad-breisig.de\/index.php?rest_route=\/wp\/v2\/types\/page"}],"author":[{"embeddable":true,"href":"http:\/\/alt.maerchenwald-bad-breisig.de\/index.php?rest_route=\/wp\/v2\/users\/1"}],"replies":[{"embeddable":true,"href":"http:\/\/alt.maerchenwald-bad-breisig.de\/index.php?rest_route=%2Fwp%2Fv2%2Fcomments&post=176"}],"version-history":[{"count":26,"href":"http:\/\/alt.maerchenwald-bad-breisig.de\/index.php?rest_route=\/wp\/v2\/pages\/176\/revisions"}],"predecessor-version":[{"id":1472,"href":"http:\/\/alt.maerchenwald-bad-breisig.de\/index.php?rest_route=\/wp\/v2\/pages\/176\/revisions\/1472"}],"wp:featuredmedia":[{"embeddable":true,"href":"http:\/\/alt.maerchenwald-bad-breisig.de\/index.php?rest_route=\/wp\/v2\/media\/206"}],"wp:attachment":[{"href":"http:\/\/alt.maerchenwald-bad-breisig.de\/index.php?rest_route=%2Fwp%2Fv2%2Fmedia&parent=176"}],"curies":[{"name":"wp","href":"https:\/\/api.w.org\/{rel}","templated":true}]}}