{"id":172,"date":"2015-01-16T16:48:50","date_gmt":"2015-01-16T16:48:50","guid":{"rendered":"http:\/\/maerchenwald-bad-breisig.de\/?page_id=172"},"modified":"2025-11-09T22:27:30","modified_gmt":"2025-11-09T22:27:30","slug":"maerchenlehrpfad","status":"publish","type":"page","link":"http:\/\/alt.maerchenwald-bad-breisig.de\/?page_id=172","title":{"rendered":"\u00d6ffnungszeiten \/ Preise"},"content":{"rendered":"<h6 style=\"text-align: left;\"><span style=\"color: #000000;\">Unser M\u00e4rchenwald ist ab dem <span style=\"color: #ff0000;\"><strong>3. April 2026<\/strong><\/span>\u00a0wieder ge\u00f6ffnet!<\/span><\/h6>\n<hr \/>\n<h4><span style=\"color: #ff0000;\"><b>\u00d6FFNUNGSZEITEN 2026<\/b><\/span><\/h4>\n<p><strong><span style=\"color: #000000;\">\u2022\u00a0 \u00a0 \u00a0 3. April bis 30. Juni<\/span><\/strong><\/p>\n<p style=\"padding-left: 30px;\"><span style=\"color: #8b0000;\"><b>Samstag, Sonntag sowie an <span style=\"color: #993300;\">allen<\/span> Feier-\/Br\u00fcckentagen <\/b><\/span><\/p>\n<p style=\"padding-left: 30px;\">von 10:00 &#8211; 18:00 Uhr<\/p>\n<p><strong>\u2022\u00a0\u00a0\u00a0\u00a0\u00a0 1. Juli bis 31. August<\/strong><\/p>\n<p style=\"padding-left: 30px;\"><strong><span style=\"color: #800000;\">t\u00e4glich ge\u00f6ffnet<\/span><\/strong> von 10:00 &#8211; 18:00 Uhr<\/p>\n<p><strong>\u2022\u00a0\u00a0\u00a0\u00a0\u00a0 1. September bis 1. November<br \/><\/strong><\/p>\n<p style=\"padding-left: 30px;\"><strong><span style=\"color: #800000;\">Samstag, Sonntag sowie an allen Feier-\/Br\u00fcckentagen<br \/><\/span><\/strong><\/p>\n<p style=\"padding-left: 30px;\">von 10:00 &#8211; 18:00 Uhr<\/p>\n<p><strong>\u2022\u00a0\u00a0\u00a0\u00a0\u00a0 2. November 2025 bis 2. April 2026<br \/><\/strong><\/p>\n<p><strong><span style=\"color: #ffffff;\">\u2022<\/span>\u00a0\u00a0\u00a0\u00a0\u00a0 <span style=\"color: #800000;\">geschlossen<\/span><\/strong><\/p>\n<p><strong>F\u00fcr Gruppen \u00f6ffnen wir nach Absprache auch au\u00dferhalb dieser Zeiten. Abweichende Angaben bez\u00fcglich unserer \u00d6ffnungszeiten auf anderen Internetseiten haben <span style=\"text-decoration: underline;\">keine<\/span> G\u00fcltigkeit.<\/strong><\/p>\n<p><strong><a href=\"http:\/\/maerchenwald-bad-breisig.de\/?page_id=1409\"><span style=\"text-decoration: underline;\">Hunde<\/span><\/a> sind bei uns willkommen!<\/strong><\/p>\n<p style=\"text-align: center;\">____________________<\/p>\n<h4><b><span style=\"color: red;\">EINTRITTSPREISE<\/span><\/b><\/h4>\n<ul>\n<li>Erwachsene:\u00a0\u00a0\u00a0\u00a0 \u00a0 \u00a0 \u00a0 \u00a0 \u00a0 \u00a0 \u00a0\u00a0 \u00a0\u00a0\u00a0\u00a0\u00a0\u00a0\u00a0\u00a0\u00a0\u00a0\u00a0\u00a0\u00a0\u00a0\u00a0\u00a0\u00a0\u00a0\u00a0\u00a0\u00a0\u00a0\u00a0 5,50 \u20ac<\/li>\n<li>Kinder (ab 1 Jahr bis 14 Jahre):\u00a0\u00a0 4,50 \u20ac<\/li>\n<li>Gruppen ab 15 Personen:\u00a0\u00a0\u00a0\u00a0\u00a0\u00a0\u00a0\u00a0\u00a0\u00a0\u00a0\u00a0\u00a0\u00a0 4,00 \u20ac pro Person<\/li>\n<\/ul>\n<p>Den Eintritt entrichten Sie nicht am Eingang des M\u00e4rchenwalds, sondern oben auf unserer Caf\u00e9-Terrasse. Bei uns sind <span style=\"text-decoration: underline;\">keine<\/span> EC-Kartenzahlungen m\u00f6glich. <span style=\"color: #ff0000;\">Bitte zahlen Sie bar.<\/span><\/p>\n<p>Beachten Sie unsere Hinweise zur <a href=\"http:\/\/maerchenwald-bad-breisig.de\/?page_id=1409\">Barrierefreiheit<\/a>.<\/p>\n<p>Wie ist das Wetter bei uns? Die aktuelle Vorhersage f\u00fcr Bad Breisig finden Sie <a href=\"https:\/\/www.wetter.de\/deutschland\/wetter-bad-breisig-18221498.html?q=Bad%20Breisig%2C%2053498%2C%20Rheinland-Pfalz\">hier<\/a>.<\/p>\n\n\n<figure class=\"wp-block-image size-large\"><a href=\"https:\/\/maerchenwald-bad-breisig.de\/wp-content\/uploads\/2024\/09\/Maerchenwald-Eingang-Detail-2-scaled.jpg\"><img decoding=\"async\" loading=\"lazy\" width=\"1024\" height=\"370\" src=\"https:\/\/maerchenwald-bad-breisig.de\/wp-content\/uploads\/2024\/09\/Maerchenwald-Eingang-Detail-2-1024x370.jpg\" alt=\"\" class=\"wp-image-2421\" srcset=\"http:\/\/alt.maerchenwald-bad-breisig.de\/wp-content\/uploads\/2024\/09\/Maerchenwald-Eingang-Detail-2-1024x370.jpg 1024w, http:\/\/alt.maerchenwald-bad-breisig.de\/wp-content\/uploads\/2024\/09\/Maerchenwald-Eingang-Detail-2-300x108.jpg 300w, http:\/\/alt.maerchenwald-bad-breisig.de\/wp-content\/uploads\/2024\/09\/Maerchenwald-Eingang-Detail-2-768x277.jpg 768w, http:\/\/alt.maerchenwald-bad-breisig.de\/wp-content\/uploads\/2024\/09\/Maerchenwald-Eingang-Detail-2-1536x554.jpg 1536w, http:\/\/alt.maerchenwald-bad-breisig.de\/wp-content\/uploads\/2024\/09\/Maerchenwald-Eingang-Detail-2-2048x739.jpg 2048w\" sizes=\"(max-width: 1024px) 100vw, 1024px\" \/><\/a><\/figure>\n","protected":false},"excerpt":{"rendered":"<p>Unser M\u00e4rchenwald ist ab dem 3. April 2026\u00a0wieder ge\u00f6ffnet! \u00d6FFNUNGSZEITEN 2026 \u2022\u00a0 \u00a0 \u00a0 3. April bis 30. Juni Samstag, Sonntag sowie an allen Feier-\/Br\u00fcckentagen von 10:00 &#8211; 18:00 Uhr \u2022\u00a0\u00a0\u00a0\u00a0\u00a0 1. Juli bis 31. August t\u00e4glich ge\u00f6ffnet von 10:00 &#8211; 18:00 Uhr \u2022\u00a0\u00a0\u00a0\u00a0\u00a0 1. September bis 1. November Samstag, Sonntag sowie an allen Feier-\/Br\u00fcckentagen &hellip; <a href=\"http:\/\/alt.maerchenwald-bad-breisig.de\/?page_id=172\" class=\"more-link\"><span class=\"screen-reader-text\">\u00d6ffnungszeiten \/ Preise<\/span> weiterlesen <span class=\"meta-nav\">&rarr;<\/span><\/a><\/p>\n","protected":false},"author":1,"featured_media":240,"parent":0,"menu_order":0,"comment_status":"closed","ping_status":"closed","template":"","meta":[],"_links":{"self":[{"href":"http:\/\/alt.maerchenwald-bad-breisig.de\/index.php?rest_route=\/wp\/v2\/pages\/172"}],"collection":[{"href":"http:\/\/alt.maerchenwald-bad-breisig.de\/index.php?rest_route=\/wp\/v2\/pages"}],"about":[{"href":"http:\/\/alt.maerchenwald-bad-breisig.de\/index.php?rest_route=\/wp\/v2\/types\/page"}],"author":[{"embeddable":true,"href":"http:\/\/alt.maerchenwald-bad-breisig.de\/index.php?rest_route=\/wp\/v2\/users\/1"}],"replies":[{"embeddable":true,"href":"http:\/\/alt.maerchenwald-bad-breisig.de\/index.php?rest_route=%2Fwp%2Fv2%2Fcomments&post=172"}],"version-history":[{"count":68,"href":"http:\/\/alt.maerchenwald-bad-breisig.de\/index.php?rest_route=\/wp\/v2\/pages\/172\/revisions"}],"predecessor-version":[{"id":2670,"href":"http:\/\/alt.maerchenwald-bad-breisig.de\/index.php?rest_route=\/wp\/v2\/pages\/172\/revisions\/2670"}],"wp:featuredmedia":[{"embeddable":true,"href":"http:\/\/alt.maerchenwald-bad-breisig.de\/index.php?rest_route=\/wp\/v2\/media\/240"}],"wp:attachment":[{"href":"http:\/\/alt.maerchenwald-bad-breisig.de\/index.php?rest_route=%2Fwp%2Fv2%2Fmedia&parent=172"}],"curies":[{"name":"wp","href":"https:\/\/api.w.org\/{rel}","templated":true}]}}