{"id":170,"date":"2015-01-16T16:48:17","date_gmt":"2015-01-16T16:48:17","guid":{"rendered":"http:\/\/maerchenwald-bad-breisig.de\/?page_id=170"},"modified":"2025-03-30T10:32:54","modified_gmt":"2025-03-30T10:32:54","slug":"unsere-freunde","status":"publish","type":"page","link":"http:\/\/alt.maerchenwald-bad-breisig.de\/?page_id=170","title":{"rendered":"Unsere Freunde"},"content":{"rendered":"<p><strong>Das sind unsere Freunde! Klick sie doch mal an &#8230;<br \/>\n<\/strong><\/p>\n<p><span style=\"text-decoration: underline;\">Ausflugsziele, Freizeittipps (allgemein):<\/span><\/p>\n<ul>\n<li style=\"list-style-type: none;\">\n<ul>\n<li><a href=\"http:\/\/www.ausflugsziele-ausfluege.de\/\" target=\"_blank\" rel=\"noopener\">Ausflugsziele Deutschland<\/a><\/li>\n<li><a href=\"http:\/\/www.bonn-region.de\/\" target=\"_blank\" rel=\"noopener\">Bonn &amp; Region &#8211; Tourismus &amp; Congress<\/a><\/li>\n<li><a href=\"https:\/\/familienausflug.info\/\" target=\"_blank\" rel=\"noopener\">Familienausflug &#8211; Ausflugsziele, Familienevents, Urlaubsregionen<\/a><\/li>\n<li><a href=\"https:\/\/www.familienkultour.de\/\" target=\"_blank\" rel=\"noopener\">FamilienkulTour &#8211; Deutschlands beste Familienausfl\u00fcge<\/a><\/li>\n<li><a href=\"http:\/\/www.freizeitparks-freizeitpark.de\/\" target=\"_blank\" rel=\"noopener\">Freizeitparks Deutschland &amp; Erlebnisparks<\/a><\/li>\n<li><a href=\"https:\/\/www.mamilade.de\/\" target=\"_blank\" rel=\"noopener\">Mamilade &#8211; Die besten Ausflugstipps f\u00fcr Eltern und Kinder<\/a><\/li>\n<li><a href=\"http:\/\/www.sehenswuerdigkeiten-deutschland.biz\/\" target=\"_blank\" rel=\"noopener\">Sehensw\u00fcrdigkeiten in Deutschland<\/a><\/li>\n<li><a href=\"https:\/\/www.erlebnis-rheinbogen.de\/\" target=\"_blank\" rel=\"noopener\">Erlebnis Rheinbogen &#8211; Die Urlaubsregion im Mittelrheintal<\/a><\/li>\n<li><a href=\"http:\/\/www.sonnige-untermosel.de\" target=\"_blank\" rel=\"noopener\">Sonnige Untermosel &#8211; Naherholung statt Fernreise<\/a><\/li>\n<\/ul>\n<\/li>\n<\/ul>\n<p><span style=\"text-decoration: underline;\">B\u00e4der, Saunen:<\/span><\/p>\n<ul>\n<li style=\"list-style-type: none;\">\n<ul>\n<li><a href=\"https:\/\/www.ahrtal.de\/ahr-thermen#\" target=\"_blank\" rel=\"noopener\">Ahr-Thermen<\/a> in 56474 Bad Neuenahr-Ahrweiler <em>(Beginn der Sanierungsarbeiten Fr\u00fchjahr 2025)<\/em><\/li>\n<li><a href=\"https:\/\/www.dasbadmerzig.de\/\" target=\"_blank\" rel=\"noopener\">Das Bad Merzig<\/a>\u00a0in 66663 Merzig<\/li>\n<li><a href=\"https:\/\/www.deichwelle.de\/\" target=\"_blank\" rel=\"noopener\">Deichwelle<\/a> in 56564 Neuwied<\/li>\n<li><a href=\"http:\/\/www.stadtwerke-andernach.de\/und-mehr\/hallenbad\/\" target=\"_blank\" rel=\"noopener\">Hallenbad Andernach<\/a> in 56626 Andernach<\/li>\n<li><a href=\"http:\/\/www.kristall-rheinpark-therme.de\/\" target=\"_blank\" rel=\"noopener\">Kristall Rheinpark-Therme<\/a> in 53557 Bad H\u00f6nningen<\/li>\n<li><a href=\"https:\/\/www.stwmy.de\/nettebad\" target=\"_blank\" rel=\"noopener\">Nettebad Mayen<\/a> in 56727 Mayen<\/li>\n<li><a href=\"http:\/\/www.panoramasauna.de\/\" target=\"_blank\" rel=\"noopener\">Panorama Sauna<\/a> in 53501 Grafschaft-Holzweiler<\/li>\n<li><a href=\"http:\/\/www.roemerthermen.de\/\" target=\"_blank\" rel=\"noopener\">R\u00f6mer-Thermen<\/a> in 53498 Bad Breisig<\/li>\n<\/ul>\n<\/li>\n<\/ul>\n<p><span style=\"text-decoration: underline;\">Bahnfahrten, Bootsverleih, Personenschifffahrt etc.:<\/span><\/p>\n<ul>\n<li style=\"list-style-type: none;\">\n<ul>\n<li><a href=\"https:\/\/ahrtal.express\/\" target=\"_blank\" rel=\"noopener\">Ahrtal-Express<\/a> in 53474 Bad Neuenahr-Ahrweiler<\/li>\n<li><a href=\"http:\/\/www.altstadtexpress.de\/altstadt-express-koblenz\/\" target=\"_blank\" rel=\"noopener\">Altstadt-Express<\/a> in 56077 Koblenz<\/li>\n<li><a href=\"https:\/\/www.bonnschiff.de\/\" target=\"_blank\" rel=\"noopener\">Bonner Personenschiffahrt<\/a> in 53111 Bonn<\/li>\n<li><a href=\"http:\/\/www.cochemer-sesselbahn.de\/\" target=\"_blank\" rel=\"noopener\">Cochemer Sesselbahn<\/a> in 56812 Cochem<\/li>\n<li><a href=\"http:\/\/www.drachenfelsbahn-koenigswinter.de\/\" target=\"_blank\" rel=\"noopener\">Drachenfelsbahn<\/a> in 53639 K\u00f6nigswinter<\/li>\n<li><a href=\"http:\/\/www.gilles-personenschifffahrt.de\/\" target=\"_blank\" rel=\"noopener\">Personenschifffahrt Gilles<\/a>\u00a0in 56179Vallendar<\/li>\n<li><a href=\"https:\/\/gm-kanu-lahn.de\/\" target=\"_blank\" rel=\"noopener\">GM Sports Kanuverleih<\/a>\u00a0in 56133 Fachbach\/Lahn<\/li>\n<li><a href=\"http:\/\/www.kanucharter.de\/\" target=\"_blank\" rel=\"noopener\">Kanucharter Hofmann<\/a> in 56377 Nassau\/Lahn<\/li>\n<li><a href=\"http:\/\/www.zugtouren.de\/Kasbachtalbahn\/\" target=\"_blank\" rel=\"noopener\">Kasbachtalbahn<\/a> in 53545 Linz\/Rhein<\/li>\n<li><a href=\"http:\/\/www.k-d.com\/\" target=\"_blank\" rel=\"noopener\">K\u00f6ln-D\u00fcsseldorfer<\/a> in 50667 K\u00f6ln<\/li>\n<li><a href=\"http:\/\/www.koelner-seilbahn.de\/\" target=\"_blank\" rel=\"noopener\">K\u00f6lner Seilbahn<\/a> in 50735 K\u00f6ln<\/li>\n<li><a href=\"https:\/\/www.schiff-lapaloma.de\/\" target=\"_blank\" rel=\"noopener\">La Paloma &#8211; Marksburgschifffahrt Vomfell<\/a> in 56322 Spay<\/li>\n<li><a href=\"https:\/\/www.moselrundfahrten.de\/\" target=\"_blank\" rel=\"noopener\">Moselrundfahrten Personenschifffahrt Gebr\u00fcder Kolb<\/a> in 56820 Briedern\/Mosel<\/li>\n<li><a href=\"http:\/\/www.ms-goldstueck.de\/\" target=\"_blank\" rel=\"noopener\">Personenschifffahrt MS Goldst\u00fcck<\/a> in 56332 Brodenbach\/Mosel<\/li>\n<li><a href=\"https:\/\/www.neumagen-dhron.de\/weinschiff-stella-noviomagi\/\" target=\"_blank\" rel=\"noopener\">R\u00f6merweinschiff Stella Noviomagi<\/a> in 54347 Neumagen-Dhron<\/li>\n<li><a href=\"http:\/\/www.vulkan-express.de\/\" target=\"_blank\" rel=\"noopener\">Vulkan Express &#8211; Brohltal-Eisenbahn<\/a> in 56656 Brohl-L\u00fctzing<\/li>\n<\/ul>\n<\/li>\n<\/ul>\n<p><span style=\"text-decoration: underline;\">Ferienwohnungen, Hotels:<\/span><\/p>\n<ul>\n<li style=\"list-style-type: none;\">\n<ul>\n<li><a href=\"http:\/\/www.centerparcs.de\/\" target=\"_blank\" rel=\"noopener\">Center Parks<\/a><\/li>\n<li><a href=\"https:\/\/www.eifel.de\/\" target=\"_blank\" rel=\"noopener\">Eifel.de &#8211; Ferienwohnungen, Ferienh\u00e4user, Hotels &amp; mehr<\/a><\/li>\n<li><a href=\"https:\/\/www.familydays.de\/\" target=\"_blank\" rel=\"noopener\">FamilyDays &#8211; Familienfreundliche Ferienwohnungen und Hotels<\/a><\/li>\n<li><a href=\"https:\/\/www.muehlebirgel.de\/\" target=\"_blank\" rel=\"noopener\">Historische Wasserm\u00fchle Birgel<\/a> in 54587 Birgel\/Vulkaneifel<em><br \/>\n<\/em><\/li>\n<li><a href=\"https:\/\/www.erlebniswelt-eifeltor.de\/de\/startseite.html\/\" target=\"_blank\" rel=\"noopener\">Hotel &amp; Erlebniswelt Eifeltor<\/a> in 53894 Mechernich<\/li>\n<li><a href=\"http:\/\/www.landal.de\/\" target=\"_blank\" rel=\"noopener\">Landal GreenParks &#8211; Ferienh\u00e4user in der Natur<\/a><\/li>\n<li><a href=\"https:\/\/www.landhotel-venekotensee.de\/\" target=\"_blank\" rel=\"noopener\">Landhotel Linden am Venekotensee<\/a> in 41372 Niederkr\u00fcchten<\/li>\n<li><a href=\"http:\/\/www.rheinland-pfalz-gastgeber.com\/\" target=\"_blank\" rel=\"noopener\">Rheinland-Pfalz-Gastgeber &#8211; Ferienwohnungen und Hotels<\/a><\/li>\n<li><a href=\"https:\/\/www.urlaub-in-rheinland-pfalz.de\/\" target=\"_blank\" rel=\"noopener\">Urlaub in Rheinland-Pfalz &#8211; Hotels, Campingpl\u00e4tze und Ferienwohnungen<\/a><\/li>\n<\/ul>\n<\/li>\n<\/ul>\n<p><span style=\"text-decoration: underline;\">Historisches, Landeskunde etc.:<\/span><\/p>\n<ul>\n<li style=\"list-style-type: none;\">\n<ul>\n<li><a href=\"http:\/\/www.abtei-himmerod.de\/\" target=\"_blank\" rel=\"noopener\">Abtei Himmerod<\/a> in 54534 Gro\u00dflittgen<\/li>\n<li><a href=\"http:\/\/www.maria-laach.de\/\" target=\"_blank\" rel=\"noopener\">Benediktinerabtei Maria Laach<\/a> in 56653 Maria Laach<\/li>\n<li><a href=\"https:\/\/www.museumsportal-rlp.de\/museen\/besucherbergwerk-grube-herrenberg\" target=\"_blank\" rel=\"noopener\">Besucherbergwerk Grube Herrenberg<\/a> in 55626 Bundenbach (<em>bis auf Weiteres geschlossen<\/em>)<\/li>\n<li><a href=\"https:\/\/www.museumsportal-rlp.de\/museen\/besucherbergwerk-schmittenstollen\" target=\"_blank\" rel=\"noopener\">Besucherbergwerk Schmittenstollen<\/a> in 55585 Niederhausen\/Nahe<\/li>\n<li><a href=\"https:\/\/www.museumsportal-rlp.de\/museen\/burg-olbrueck\" target=\"_blank\" rel=\"noopener\">Burg Olbr\u00fcck<\/a> in 56651 Niederd\u00fcrenbach<\/li>\n<li><a href=\"http:\/\/www.burgsatzvey.de\/\" target=\"_blank\" rel=\"noopener\">Burg Satzvey <\/a> in 53894 Mechernich-Satzvey<\/li>\n<li><a href=\"http:\/\/www.regbu.de\/\" target=\"_blank\" rel=\"noopener\">Dokumentationsst\u00e4tte Regierungsbunker<\/a> in 53474 Bad Neuenahr-Ahrweiler<\/li>\n<li><a href=\"http:\/\/www.ehrenburg.de\/\" target=\"_blank\" rel=\"noopener\">Ehrenburg<\/a> in 56332 Brodenbach<\/li>\n<li><a href=\"https:\/\/sbaf-technik.com\/eifeler-glockengiesserei\/\" target=\"_blank\" rel=\"noopener\">Eifeler Glockengie\u00dferei<\/a> in 54552 Brockscheid<\/li>\n<li><a href=\"http:\/\/www.flugausstellung.de\/\" target=\"_blank\" rel=\"noopener\">Flugausstellung Peter Junior<\/a> in 54411 Hermeskeil<\/li>\n<li><a href=\"http:\/\/www.geysir-andernach.de\/\" target=\"_blank\" rel=\"noopener\">Geysir Andernach<\/a> in 56626 Andernach<\/li>\n<li><a href=\"http:\/\/www.senfmuehle.net\/fuehrungen-oeffnungszeiten-senfmuehle-cochem\/\" target=\"_blank\" rel=\"noopener\">Historische Senfm\u00fchle Cochem<\/a> in 56812 Cochem<\/li>\n<li><a href=\"http:\/\/www.klostermachern.de\/\" target=\"_blank\" rel=\"noopener\">Kloster Machern<\/a> in 54470 Bernkastel-Wehlen<\/li>\n<li><a href=\"http:\/\/www.disibodenberg.de\/\" target=\"_blank\" rel=\"noopener\">Klosterruine Disibodenberg<\/a> in 55571 Odernheim am Glan<\/li>\n<li><a href=\"http:\/\/www.sternwarte-sessenbach.de\/\" target=\"_blank\" rel=\"noopener\">Planetarium &amp; Sternwarte Sessenbach<\/a>\u00a0in 56237 Sessenbach<\/li>\n<li><a href=\"http:\/\/www.reichsburg-cochem.de\/\" target=\"_blank\" rel=\"noopener\">Reichsburg Cochem<\/a> in 56812 Cochem<\/li>\n<li><a href=\"http:\/\/www.roemer-welt.de\/\" target=\"_blank\" rel=\"noopener\">R\u00f6merWelt am caput limitis<\/a> in 56598 Rheinbrohl<\/li>\n<li><a href=\"https:\/\/roemische-kalkbrennerei-iversheim.de\/\" target=\"_blank\" rel=\"noopener\">R\u00f6mische Kalkbrennerei<\/a> in 53902 Bad M\u00fcnstereifel-Iversheim<\/li>\n<li><a href=\"http:\/\/www.schloss-arenfels.de\/\" target=\"_blank\" rel=\"noopener\">Schloss Arenfels<\/a> in 53557 Bad H\u00f6nningen<\/li>\n<li><a href=\"https:\/\/kulturerbe-eifel-mosel.de\/schloss-buerresheim\" target=\"_blank\" rel=\"noopener\">Schloss B\u00fcrresheim<\/a> in 56727 Mayen<\/li>\n<li><a href=\"https:\/\/www.sayn.de\/schloss-sayn\" target=\"_blank\" rel=\"noopener\">Schloss Sayn<\/a> in 56170 Bendorf-Sayn<\/li>\n<\/ul>\n<\/li>\n<\/ul>\n<p><span style=\"text-decoration: underline;\">Museen:<\/span><\/p>\n<ul>\n<li style=\"list-style-type: none;\">\n<ul>\n<li><a href=\"http:\/\/www.arpmuseum.org\/\" target=\"_blank\" rel=\"noopener\">Arp-Museum Bahnhof Rolandseck<\/a> in 53424 Remagen<\/li>\n<li><a href=\"https:\/\/www.bundeskunsthalle.de\/\" target=\"_blank\" rel=\"noopener\">Bundeskunsthalle<\/a> in 53113 Bonn<\/li>\n<li><a href=\"http:\/\/www.flippermuseum.eu\/\" target=\"_blank\" rel=\"noopener\">Deutsches Flippermuseum<\/a> in 56564 Neuwied<\/li>\n<li><a href=\"http:\/\/www.deutsches-telefon-museum.eu\/\" target=\"_blank\" rel=\"noopener\">Deutsches Telefon-Museum<\/a> in 54497 Morbach<\/li>\n<li><a href=\"https:\/\/www.mayen.de\/kultur-tourismus\/tourismus\/eifelmuseum\/\" target=\"_blank\" rel=\"noopener\">Eifelmuseum<\/a> in 56727 Mayen<\/li>\n<li><a href=\"http:\/\/www.roscheiderhof.de\/\" target=\"_blank\" rel=\"noopener\">Freilichtmuseum Roscheider Hof<\/a> in 54329 Konz<\/li>\n<li><a href=\"https:\/\/www.handweb-museum.de\/\" target=\"_blank\" rel=\"noopener\">Handwebmuseum<\/a> in 53902 Bad M\u00fcnstereifel-Rupperath<\/li>\n<li><a href=\"http:\/\/www.hunsruecker-holzmuseum.de\/\" target=\"_blank\" rel=\"noopener\">Hunsr\u00fccker Holzmuseum<\/a> in 54497 Morbach<\/li>\n<li><a href=\"http:\/\/www.kubacherkristallhoehle.de\/\" target=\"_blank\" rel=\"noopener\">Kristallh\u00f6hle Kubach &#8211; H\u00f6hlen-\/Freilichtsteinemuseum<\/a> in 35781 Weilburg-Kubach<\/li>\n<li><a href=\"http:\/\/www.lava-dome.de\/\" target=\"_blank\" rel=\"noopener\">Lava-Dome &#8211; Deutsches Vulkanmuseum Mendig<\/a> in 56743 Mendig<\/li>\n<li><a href=\"http:\/\/www.kommern.lvr.de\/de\/startseite\/startseite.html\" target=\"_blank\" rel=\"noopener\">LVR-Freilichtmuseum Kommern<\/a> in 53894 Mechernich-Kommern<\/li>\n<li><a href=\"https:\/\/industriemuseum.lvr.de\/de\/die_museen\/bergisch_gladbach\/schauplatz_3\/papiermuehle_alte_dombach.html\" target=\"_blank\" rel=\"noopener\">LVR-Industriemuseum &#8211; Papierm\u00fchle Alte Dombach<\/a> in 51465 Bergisch-Gladbach<\/li>\n<li><a href=\"https:\/\/industriemuseum.lvr.de\/de\/die_museen\/euskirchen\/tuchfabrik_mueller.html\" target=\"_blank\" rel=\"noopener\">LVR-Industriemuseum &#8211; Tuchfabrik M\u00fcller<\/a> in 53881 Euskirchen<\/li>\n<li><a href=\"https:\/\/landesmuseum-bonn.lvr.de\/de\/index.html\" target=\"_blank\" rel=\"noopener\">LVR-LandesMuseum Bonn<\/a> in 53115 Bonn<\/li>\n<li><a href=\"https:\/\/www.museumsportal-rlp.de\/museen\/maarmuseum-manderscheid\" target=\"_blank\" rel=\"noopener\">Maarmuseum<\/a> in 54531 Manderscheid<\/li>\n<li><a href=\"https:\/\/mittelmosel-museum.de\/\" target=\"_blank\" rel=\"noopener\">Mittelmosel-Museum in der Barockvilla Haus B\u00f6cking<\/a> in 56841 Traben-Trarbach<\/li>\n<li><a href=\"https:\/\/www.bad-kreuznach.de\/tourismus-kultur-sport\/kulturviertel-bad-kreuznach-museen-und-kunst\/museum-fuer-puppentheaterkultur-puk\/\" target=\"_blank\" rel=\"noopener\">Museum f\u00fcr PuppentheaterKultur (PuK)<\/a> in 55545 Bad Kreuznach<\/li>\n<li><a href=\"http:\/\/www.museum-puppen-und-spielzeug.de\/\" target=\"_blank\" rel=\"noopener\">Museum Puppen und Spielzeug<\/a> in 53902 Bad M\u00fcnstereifel<\/li>\n<li><a href=\"https:\/\/www.bad-neuenahr-ahrweiler.de\/freizeit\/museen\/roemervilla-ahrweiler\/\" target=\"_blank\" rel=\"noopener\">Museum Roemervilla am Silberberg <\/a> in 53474 Bad Neuenahr-Ahrweiler<\/li>\n<li><a href=\"http:\/\/www.neanderthal.de\/\" target=\"_blank\" rel=\"noopener\">Neanderthal-Museum<\/a> in 40822 Mettmann<\/li>\n<li><a href=\"http:\/\/www.bad-breisig.de\/Tourismus\/Sehenswertes\/Puppenmuseum\/\" target=\"_blank\" rel=\"noopener\">Puppen-Museum<\/a> in 53498 Bad Breisig<\/li>\n<li><a href=\"https:\/\/www.saynerhuette.org\/\" target=\"_blank\" rel=\"noopener\">Industriedenkmal Sayner H\u00fctte \/ Kunstgussgalerie<\/a> in 56170 Bendorf-Sayn <em>(fr\u00fcher Rheinisches Eisenkunstguss-Museum)<\/em><\/li>\n<li><a href=\"https:\/\/www.freilichtmuseum-rlp.de\/\" target=\"_blank\" rel=\"noopener\">Rheinland-Pf\u00e4lzisches Freilichtmuseum<\/a> in 55560 Bad Sobernheim<\/li>\n<li><a href=\"http:\/\/www.saalburgmuseum.de\/\" target=\"_blank\" rel=\"noopener\">R\u00f6merkastell Saalburg <\/a> in 61350 Bad Homburg<\/li>\n<li><a href=\"https:\/\/www.bad-muenstereifel.de\/leben-in-bad-muenstereifel\/leben-wohnen\/kultur\/museen\/schwanen-apotheken-museum\/\" target=\"_blank\" rel=\"noopener\">Schwanen-Apotheken-Museum<\/a> in 53902 Bad M\u00fcnstereifel<\/li>\n<li><a href=\"http:\/\/www.spielzeugmuseum-trier.de\/\" target=\"_blank\" rel=\"noopener\">Spielzeugmuseum<\/a> in 54290 Trier<\/li>\n<li><a href=\"https:\/\/sinsheim.technik-museum.de\/de\/\" target=\"_blank\" rel=\"noopener\">Technik Museum Sinsheim<\/a> in 74889 Sinsheim<\/li>\n<li><a href=\"https:\/\/speyer.technik-museum.de\/de\/\" target=\"_blank\" rel=\"noopener\">Technik Museum Speyer <\/a> in 67346 Speyer<\/li>\n<li><a href=\"https:\/\/bonn.leibniz-lib.de\/de\/museum\" target=\"_blank\" rel=\"noopener\">Zoologisches Forschungsmuseum Alexander Koenig<\/a> in 53113 Bonn<\/li>\n<\/ul>\n<\/li>\n<\/ul>\n<p><span style=\"text-decoration: underline;\"> Natur-\/Erlebnisparks:<\/span><\/p>\n<ul>\n<li style=\"list-style-type: none;\">\n<ul>\n<li><a href=\"http:\/\/barfusspfad-bad-sobernheim.de\/\" target=\"_blank\" rel=\"noopener\">Barfu\u00dfpfad<\/a> in 55566 Bad Sobernheim\/Nahe<\/li>\n<li><a href=\"https:\/\/www.baumwipfelpfad-baumkronenpfad.de\/\" target=\"_blank\" rel=\"noopener\">Baumwipfelpfad &amp; Baumkronenpfad-Verzeichnis<\/a><\/li>\n<li><a href=\"https:\/\/www.museumsportal-rlp.de\/museen\/biosphaerenhaus-pfaelzerwald\/nordvogesen\" target=\"_blank\" rel=\"noopener\">Biosph\u00e4renhaus &amp; Baumwipfelpfad<\/a> in 66996 Fischbach bei Dahn (<em>bis auf Weiteres geschlossen<\/em>)<\/li>\n<li><a href=\"http:\/\/www.brueckenkopf-park.de\/\" target=\"_blank\" rel=\"noopener\">Br\u00fcckenkopf-Park<\/a> in 52428 J\u00fclich<\/li>\n<li><a href=\"http:\/\/www.eifelpark.de\/\" target=\"_blank\" rel=\"noopener\">Eifelpark<\/a> in 54647 Gondorf bei Bitburg<\/li>\n<li><a href=\"https:\/\/www.nlphh.de\/orientieren\/tore\/erbeskopf\/\" target=\"_blank\" rel=\"noopener\">Nationalpark Hunsr\u00fcck-Hochwald &#8211; Tor Erbeskopf<\/a> in 54426 Hilscheid<\/li>\n<li><a href=\"https:\/\/kletterwald-sayn.de\/\" target=\"_blank\" rel=\"noopener\">Kletterwald Sayn<\/a> in 56170 Bendorf-Sayn<\/li>\n<li><a href=\"https:\/\/www.lohmar.de\/erlebnisfaktoren-natur-und-sport-freizeit-und-tourismus\/naturschule-im-aggerbogen\/\" target=\"_blank\" rel=\"noopener\">Naturschule Aggerbogen<\/a> in 53797 Lohmar-Wahlscheid<\/li>\n<li><a href=\"http:\/\/www.naturzentrum-eifel.de\/\" target=\"_blank\" rel=\"noopener\">Naturzentrum Eifel<\/a> in 53947 Nettersheim<\/li>\n<li><a href=\"https:\/\/stoeffelpark.de\/de\/\" target=\"_blank\" rel=\"noopener\">St\u00f6ffel Park<\/a> in 57467 Enspel<\/li>\n<li><a href=\"http:\/\/www.vulkanpark.com\/\" target=\"_blank\" rel=\"noopener\">Vulkanpark &#8211; Infozentrum Rauscherm\u00fchle<\/a> in 56637 Plaidt<\/li>\n<li><a href=\"http:\/\/wald-abenteuer.de\/park\/bad-neuenahr\/\" target=\"_blank\" rel=\"noopener\">Wald-Abenteuer Waldkletterpark<\/a> in 53474 Bad Neuenahr-Ahrweiler<\/li>\n<\/ul>\n<\/li>\n<\/ul>\n<p><span style=\"text-decoration: underline;\">Sport, Indoor, Freizeitparks:<\/span><\/p>\n<ul>\n<li style=\"list-style-type: none;\">\n<ul>\n<li><a href=\"https:\/\/bubenheimer-spieleland.de\/\" target=\"_blank\" rel=\"noopener\">Bubenheimer Spieleland &#8211; Freizeitpark f\u00fcr Familien<\/a> in 52388 N\u00f6rvenich<\/li>\n<li><a href=\"https:\/\/kart-koblenz.de\/\" target=\"_blank\" rel=\"noopener\">Conquest Cart-Center<\/a> in 56070 Koblenz<\/li>\n<li><a href=\"https:\/\/www.freiraum-basecamp.de\/\" target=\"_blank\" rel=\"noopener\">Freiraum Basecamp<\/a>\u00a0(ehemals Kandi-Turm) in 56626 Andernach<\/li>\n<li><a href=\"http:\/\/www.freizeitzentrum-peterberg.de\/\" target=\"_blank\" rel=\"noopener\">Freizeitzentrum Peterberg<\/a> in 66620 Braunshausen<\/li>\n<li><a href=\"http:\/\/www.holidaypark.de\/\" target=\"_blank\" rel=\"noopener\">Holiday Park Pfalz<\/a> in 67454 Ha\u00dfloch<\/li>\n<li><a href=\"https:\/\/madagasga-kinderland.de\/\" target=\"_blank\" rel=\"noopener\">Madagasga &#8211; Kinderland &amp; Erlebnisgastronomie<\/a> in 55543 Bad Kreuznach<\/li>\n<li><a href=\"http:\/\/www.nuerburgring.de\/\" target=\"_blank\" rel=\"noopener\">N\u00fcrburgring<\/a> in 53520 N\u00fcrburg<\/li>\n<li><a href=\"https:\/\/pippolino-kerpen.de\/\" target=\"_blank\" rel=\"noopener\">Pippolino Indoor-Kinderspielpark<\/a> in 50170 Kerpen-Sindorf<\/li>\n<li><a href=\"https:\/\/piratenland-neuwied.de\/\" target=\"_blank\" rel=\"noopener\">Piratenland<\/a> in 56566 Neuwied<\/li>\n<li><a href=\"http:\/\/www.sommerrodelbahn-altenahr.de\/\" target=\"_blank\" rel=\"noopener\">Sommerrodelbahn Altenahr<\/a> in 53505 Altenahr<\/li>\n<li><a href=\"https:\/\/tolli-park.de\/\" target=\"_blank\" rel=\"noopener\">Tolli-Park<\/a> in 56727 Mayen<\/li>\n<li><a href=\"http:\/\/www.trampolino-andernach.de\/\" target=\"_blank\" rel=\"noopener\">Trampolino Familien- und Freizeitpark<\/a> in 56626 Andernach<\/li>\n<\/ul>\n<\/li>\n<\/ul>\n<p><span style=\"text-decoration: underline;\">Theater:<\/span><\/p>\n<ul>\n<li style=\"list-style-type: none;\">\n<ul>\n<li><a href=\"http:\/\/www.rheintheater.de\/\" target=\"_blank\" rel=\"noopener\">RheinTheater &#8211; Die Kleinkunstb\u00fchne am Oberen Mittelrhein<\/a> in 55422 Bacharach\/Rhein<\/li>\n<li><a href=\"https:\/\/schlosstheater.de\/\" target=\"_blank\" rel=\"noopener\">Schlosstheater Neuwied &#8211; Landesb\u00fchne Rheinland-Pfalz<\/a> in 56564 Neuwied<\/li>\n<li><a href=\"http:\/\/www.theater-marabu.de\/\" target=\"_blank\" rel=\"noopener\">Theater Marabu<\/a> in 53225 Bonn<\/li>\n<\/ul>\n<\/li>\n<\/ul>\n<p><span style=\"text-decoration: underline;\">Wild-\/Tierparks, Zoos, Reiterh\u00f6fe:<\/span><\/p>\n<ul>\n<li style=\"list-style-type: none;\">\n<ul>\n<li><a href=\"https:\/\/adler-wolfspark.de\/\" target=\"_blank\" rel=\"noopener\">Adler- und Wolfspark Kasselburg<\/a> in 54570 Pelm<\/li>\n<li><a href=\"https:\/\/eifelzoo.info\/\" target=\"_blank\" rel=\"noopener\">Eifel-Zoo<\/a> in 54597 L\u00fcnebach\/Pronsfeld<\/li>\n<li><a href=\"http:\/\/www.sayn.de\/garten-der-schmetterlinge\" target=\"_blank\" rel=\"noopener\">Garten der Schmetterlinge im Schlosspark Sayn<\/a> in 56170 Bendorf-Sayn<\/li>\n<li><a href=\"https:\/\/www.nlphh.de\/orientieren\/tore\/wildenburg\/\">Nationalpark-Tor Wildenburg &#8211; Wildfreigehege<\/a> in 55758 Kempfeld\/Hunsr\u00fcck<\/li>\n<li><a href=\"https:\/\/www.panopark.de\/\" target=\"_blank\" rel=\"noopener\">Panorama Park Sauerland &#8211; Wild- und Erlebnispark<\/a>\u00a0in 57399 Kirchhundem<\/li>\n<li><a href=\"https:\/\/piets-adventure-trails.de\/\" target=\"_blank\" rel=\"noopener\">Piet&#8217;s Adventure Trails \/ Geisbach Ranch &#8211; Wanderreiten in der Vulkaneifel<\/a> in 53520 M\u00fcllenbach<\/li>\n<li><a href=\"https:\/\/reitvereinmiesenheim.jimdo.com\/reitanlage\/\" target=\"_blank\" rel=\"noopener\">Reitanlage Birkenhain \/ Reitstall Jessica Zuber<\/a> in 56626 Andernach-Miesenheim<\/li>\n<li><a href=\"http:\/\/www.gerhardshof.de\/\" target=\"_blank\" rel=\"noopener\">Reitschule Gerhardshof &#8211; Reiterferien in Rheinland-Pfalz<\/a> in 53489 Sinzig-L\u00f6hndorf<\/li>\n<li><a href=\"https:\/\/www.visitsealife.com\/speyer\/\" target=\"_blank\" rel=\"noopener\">Sea Life<\/a> in 67346 Speyer<\/li>\n<li><a href=\"http:\/\/www.straussenparadies.de\/\" target=\"_blank\" rel=\"noopener\">Strau\u00dfenfarm Gemarkenhof<\/a> in 53424 Remagen<\/li>\n<li><a href=\"http:\/\/wildpark-daun.de\/\" target=\"_blank\" rel=\"noopener\">Wild- &amp; Erlebnispark Daun<\/a> in 54550 Daun<\/li>\n<li><a href=\"https:\/\/klotti.de\/\" target=\"_blank\" rel=\"noopener\">Wild- &amp; Freizeitpark Klotten\/Cochem<\/a> in 56818 Klotten<\/li>\n<li><a href=\"http:\/\/www.freizeitpark-ostrittrum.de\/\" target=\"_blank\" rel=\"noopener\">Wild- &amp; Freizeitpark Ostrittrum<\/a> in 27801 D\u00f6tlingen<\/li>\n<li><a href=\"http:\/\/www.wild-freizeitpark-westerwald.de\/\" target=\"_blank\" rel=\"noopener\">Wild- und Freizeitpark Westerwald<\/a> in 56412 Gackenbach<\/li>\n<li><a href=\"http:\/\/www.wildpark.potzberg.de\/\" target=\"_blank\" rel=\"noopener\">Wildpark &amp; Greifvogelzoo Potzberg<\/a> in 66887 F\u00f6ckelberg<\/li>\n<li><a href=\"http:\/\/www.zooneuwied.de\/\" target=\"_blank\" rel=\"noopener\">Zoo Neuwied<\/a> in 56566 Neuwied<\/li>\n<\/ul>\n<\/li>\n<\/ul>\n<p><span style=\"text-decoration: underline;\">Sonstiges:<\/span><\/p>\n<ul>\n<li style=\"list-style-type: none;\">\n<ul>\n<li><a href=\"https:\/\/www.bitburger.de\/familienbrauerei\/erlebniswelt\/\" target=\"_blank\" rel=\"noopener\">Bitburger Erlebniswelt<\/a> in 54634 Bitburg<\/li>\n<li><a href=\"https:\/\/www.maerchen-emg.de\/\" target=\"_blank\" rel=\"noopener\">Europ\u00e4ische M\u00e4rchengesellschaft e. V.<\/a> in <span class=\"LrzXr\">48432 Rheine<\/span><\/li>\n<li><a href=\"https:\/\/krewelshof.de\/standort-eifel\/\" target=\"_blank\" rel=\"noopener\">Krewelshof Eifel<\/a> in 53894 Mechernich-Obergartzem<\/li>\n<li><a href=\"https:\/\/krewelshof.de\/standort-lohmar\/\" target=\"_blank\" rel=\"noopener\">Krewelshof Lohmar<\/a> in 53797 Lohmar<\/li>\n<li><a href=\"http:\/\/www.maerchenwald-altenberg.de\/\" target=\"_blank\" rel=\"noopener\">M\u00e4rchenwald Altenberg<\/a> in 51519 Odenthal-Altenberg<\/li>\n<li><a href=\"http:\/\/www.petermeyerverlag.de\" target=\"_blank\" rel=\"noopener\">Peter Meyer-Verlag<\/a> in 55291 Saulheim\/Rheinhessen<\/li>\n<li><a href=\"https:\/\/www.kindernetz.de\/tigerenten-club\/index.html\" target=\"_blank\" rel=\"noopener\">Tigerentenclub<\/a> in 70150 Stuttgart<\/li>\n<\/ul>\n<\/li>\n<\/ul>\n","protected":false},"excerpt":{"rendered":"<p>Das sind unsere Freunde! Klick sie doch mal an &#8230; Ausflugsziele, Freizeittipps (allgemein): Ausflugsziele Deutschland Bonn &amp; Region &#8211; Tourismus &amp; Congress Familienausflug &#8211; Ausflugsziele, Familienevents, Urlaubsregionen FamilienkulTour &#8211; Deutschlands beste Familienausfl\u00fcge Freizeitparks Deutschland &amp; Erlebnisparks Mamilade &#8211; Die besten Ausflugstipps f\u00fcr Eltern und Kinder Sehensw\u00fcrdigkeiten in Deutschland Erlebnis Rheinbogen &#8211; Die Urlaubsregion im Mittelrheintal &hellip; <a href=\"http:\/\/alt.maerchenwald-bad-breisig.de\/?page_id=170\" class=\"more-link\"><span class=\"screen-reader-text\">Unsere Freunde<\/span> weiterlesen <span class=\"meta-nav\">&rarr;<\/span><\/a><\/p>\n","protected":false},"author":1,"featured_media":240,"parent":0,"menu_order":0,"comment_status":"closed","ping_status":"closed","template":"","meta":[],"_links":{"self":[{"href":"http:\/\/alt.maerchenwald-bad-breisig.de\/index.php?rest_route=\/wp\/v2\/pages\/170"}],"collection":[{"href":"http:\/\/alt.maerchenwald-bad-breisig.de\/index.php?rest_route=\/wp\/v2\/pages"}],"about":[{"href":"http:\/\/alt.maerchenwald-bad-breisig.de\/index.php?rest_route=\/wp\/v2\/types\/page"}],"author":[{"embeddable":true,"href":"http:\/\/alt.maerchenwald-bad-breisig.de\/index.php?rest_route=\/wp\/v2\/users\/1"}],"replies":[{"embeddable":true,"href":"http:\/\/alt.maerchenwald-bad-breisig.de\/index.php?rest_route=%2Fwp%2Fv2%2Fcomments&post=170"}],"version-history":[{"count":107,"href":"http:\/\/alt.maerchenwald-bad-breisig.de\/index.php?rest_route=\/wp\/v2\/pages\/170\/revisions"}],"predecessor-version":[{"id":2740,"href":"http:\/\/alt.maerchenwald-bad-breisig.de\/index.php?rest_route=\/wp\/v2\/pages\/170\/revisions\/2740"}],"wp:featuredmedia":[{"embeddable":true,"href":"http:\/\/alt.maerchenwald-bad-breisig.de\/index.php?rest_route=\/wp\/v2\/media\/240"}],"wp:attachment":[{"href":"http:\/\/alt.maerchenwald-bad-breisig.de\/index.php?rest_route=%2Fwp%2Fv2%2Fmedia&parent=170"}],"curies":[{"name":"wp","href":"https:\/\/api.w.org\/{rel}","templated":true}]}}